{"id":376,"date":"2016-09-26T02:08:58","date_gmt":"2016-09-26T02:08:58","guid":{"rendered":"https:\/\/istanbulhealthagency.de\/about-us\/"},"modified":"2025-04-27T22:41:33","modified_gmt":"2025-04-27T22:41:33","slug":"ueber-uns","status":"publish","type":"page","link":"https:\/\/istanbulhealthagency.de\/de\/ueber-uns\/","title":{"rendered":"\u00dcber uns"},"content":{"rendered":"<div class=\"wpb-content-wrapper\"><p>[vc_row][vc_column offset=&#8220;vc_col-md-8&#8243;][vc_custom_heading text=&#8220;Istanbul Health Agency&#8220; use_theme_fonts=&#8220;yes&#8220; el_class=&#8220;m-b-xs&#8220;][vc_column_text css=&#8220;&#8220;]<span style=\"font-weight: 400;\">Istanbul ist nicht nur eine <\/span><b>faszinierende Metropole<\/b><span style=\"font-weight: 400;\">, sondern auch ein f\u00fchrendes Zentrum f\u00fcr medizinischen Tourismus. Tausende internationale Patienten reisen jedes Jahr hierher, um von <\/span><b>erstklassigen \u00c4rzten, modernster Technologie und erschwinglichen Preisen<\/b><span style=\"font-weight: 400;\"> zu profitieren.<\/span><\/p>\n<p><span style=\"font-weight: 400;\">\ud83d\udd39 <\/span><b>Qualit\u00e4t &amp; Expertise:<\/b><span style=\"font-weight: 400;\"> Renommierte Fach\u00e4rzte mit langj\u00e4hriger Erfahrung.<\/span><span style=\"font-weight: 400;\"><br \/>\n<\/span><span style=\"font-weight: 400;\">\ud83d\udd39 <\/span><b>Schnelle Behandlung:<\/b><span style=\"font-weight: 400;\"> Keine langen Wartezeiten \u2013 Ihre Behandlung beginnt sofort!<\/span><span style=\"font-weight: 400;\"><br \/>\n<\/span><span style=\"font-weight: 400;\">\ud83d\udd39 <\/span><b>Bezahlbare Exzellenz:<\/b><span style=\"font-weight: 400;\"> Erstklassige Ergebnisse zu einem Bruchteil der Kosten in Deutschland.<\/span><span style=\"font-weight: 400;\"><br \/>\n<\/span><span style=\"font-weight: 400;\">\ud83d\udd39 <\/span><b>Ein unvergessliches Erlebnis:<\/b><span style=\"font-weight: 400;\"> Genie\u00dfen Sie Istanbul, w\u00e4hrend Sie sich versch\u00f6nern lassen!<\/span>[\/vc_column_text][vc_column_text css=&#8220;&#8220;]Die Istanbul Health Agency wurde gegr\u00fcndet, um die L\u00fccke zwischen internationalen Patienten und den f\u00fchrenden Gesundheitsdienstleistern Istanbuls zu schlie\u00dfen. Wir arbeiten mit einer Boutique-Zahnklinik in Mecidiyek\u00f6y zusammen, die sich durch ihren hervorragenden Ruf in der t\u00fcrkischen Gemeinschaft auszeichnet. W\u00e4hrend ihr Hauptfokus bisher auf lokalen Patienten lag, helfen wir ihnen nun, auch internationale Kunden willkommen zu hei\u00dfen und zu betreuen.<br \/>\nDar\u00fcber hinaus verf\u00fcgt unser Haartransplantationsspezialist \u00fcber 12 Jahre Erfahrung als leitender Transplantationschirurg in einigen der renommiertesten Kliniken. Mit dem Wunsch, eine individuellere Betreuung anzubieten, hat er sich f\u00fcr die selbstst\u00e4ndige Arbeit entschieden und bringt seine umfassende Expertise in unsere Dienstleistungen ein.[\/vc_column_text][vc_column_text css=&#8220;&#8220;]Bei der Istanbul Health Agency sind wir darauf spezialisiert, Kunden aus Deutschland und dar\u00fcber hinaus mit erstklassigen Zahn- und Haartransplantationsdiensten in Istanbul zu verbinden. Unsere sorgf\u00e4ltig ausgew\u00e4hlten Partnerschaften stellen sicher, dass Sie eine au\u00dfergew\u00f6hnliche Betreuung mit bew\u00e4hrter Fachkompetenz und pers\u00f6nlicher Aufmerksamkeit erhalten.[\/vc_column_text][\/vc_column][vc_column offset=&#8220;vc_col-md-4&#8243;][vc_single_image image=&#8220;292&#8243; img_size=&#8220;full&#8220; alignment=&#8220;center&#8220; css=&#8220;&#8220;][\/vc_column][\/vc_row][vc_row full_width=&#8220;stretch_row_content_no_spaces&#8220; wrap_container=&#8220;yes&#8220; is_section=&#8220;yes&#8220; remove_border=&#8220;yes&#8220; el_class=&#8220;m-b-n-xl m-t-xl&#8220;][vc_column width=&#8220;3\/4&#8243; el_class=&#8220;col-sm-9&#8243;][vc_custom_heading text=&#8220;Erleben Sie Weltklasse-Zahn- und Haartransplantationsdienste in Istanbul&#8220; font_container=&#8220;tag:h3|text_align:center&#8220; use_theme_fonts=&#8220;yes&#8220; el_class=&#8220;m-b-sm&#8220;][vc_custom_heading text=&#8220;Kontaktieren Sie uns jetzt, um mehr Informationen zu erhalten.&#8220; font_container=&#8220;tag:p|font_size:17|text_align:center&#8220; use_theme_fonts=&#8220;yes&#8220;][\/vc_column][vc_column width=&#8220;1\/4&#8243; el_class=&#8220;col-sm-3&#8243;][vc_btn title=&#8220;Kontaktieren Sie uns&#8220; style=&#8220;flat&#8220; shape=&#8220;square&#8220; size=&#8220;lg&#8220; align=&#8220;center&#8220; skin=&#8220;primary&#8220; link=&#8220;url:%2Fcontact%2F&#8220; el_class=&#8220;m-t-sm&#8220;][\/vc_column][\/vc_row]<\/p>\n<\/div>","protected":false},"excerpt":{"rendered":"<p>[vc_row][vc_column offset=&#8220;vc_col-md-8&#8243;][vc_custom_heading text=&#8220;Istanbul Health Agency&#8220; use_theme_fonts=&#8220;yes&#8220; el_class=&#8220;m-b-xs&#8220;][vc_column_text css=&#8220;&#8220;]Istanbul ist nicht nur eine faszinierende Metropole, sondern auch ein f\u00fchrendes Zentrum f\u00fcr medizinischen Tourismus. Tausende internationale Patienten reisen jedes Jahr hierher, um von erstklassigen \u00c4rzten, modernster Technologie und erschwinglichen Preisen zu profitieren. \ud83d\udd39 Qualit\u00e4t &amp; Expertise: Renommierte Fach\u00e4rzte mit langj\u00e4hriger Erfahrung. \ud83d\udd39 Schnelle Behandlung: Keine langen Wartezeiten [&hellip;]<\/p>\n","protected":false},"author":1,"featured_media":0,"parent":0,"menu_order":0,"comment_status":"closed","ping_status":"closed","template":"","meta":{"footnotes":""},"class_list":["post-376","page","type-page","status-publish","hentry"],"_links":{"self":[{"href":"https:\/\/istanbulhealthagency.de\/de\/wp-json\/wp\/v2\/pages\/376","targetHints":{"allow":["GET"]}}],"collection":[{"href":"https:\/\/istanbulhealthagency.de\/de\/wp-json\/wp\/v2\/pages"}],"about":[{"href":"https:\/\/istanbulhealthagency.de\/de\/wp-json\/wp\/v2\/types\/page"}],"author":[{"embeddable":true,"href":"https:\/\/istanbulhealthagency.de\/de\/wp-json\/wp\/v2\/users\/1"}],"replies":[{"embeddable":true,"href":"https:\/\/istanbulhealthagency.de\/de\/wp-json\/wp\/v2\/comments?post=376"}],"version-history":[{"count":4,"href":"https:\/\/istanbulhealthagency.de\/de\/wp-json\/wp\/v2\/pages\/376\/revisions"}],"predecessor-version":[{"id":435,"href":"https:\/\/istanbulhealthagency.de\/de\/wp-json\/wp\/v2\/pages\/376\/revisions\/435"}],"wp:attachment":[{"href":"https:\/\/istanbulhealthagency.de\/de\/wp-json\/wp\/v2\/media?parent=376"}],"curies":[{"name":"wp","href":"https:\/\/api.w.org\/{rel}","templated":true}]}}