{"id":381,"date":"2016-09-26T02:09:14","date_gmt":"2016-09-26T02:09:14","guid":{"rendered":"https:\/\/istanbulhealthagency.de\/services\/"},"modified":"2025-04-27T22:36:00","modified_gmt":"2025-04-27T22:36:00","slug":"unsere-dienste","status":"publish","type":"page","link":"https:\/\/istanbulhealthagency.de\/de\/unsere-dienste\/","title":{"rendered":"Unsere Dienste"},"content":{"rendered":"<div class=\"wpb-content-wrapper\"><p>[vc_row][vc_column][vc_single_image image=&#8220;333&#8243; img_size=&#8220;full&#8220; alignment=&#8220;center&#8220; css=&#8220;&#8220; img_object=&#8220;cover&#8220; img_width=&#8220;{&#8222;xl&#8222;:&#8222;100&#8222;,&#8222;unit&#8222;:&#8222;%&#8222;,&#8222;xs&#8222;:&#8222;&#8222;,&#8222;sm&#8222;:&#8222;&#8222;,&#8222;md&#8222;:&#8222;&#8222;,&#8222;lg&#8222;:&#8222;&#8222;}&#8220; img_height=&#8220;{&#8222;xl&#8222;:&#8222;400&#8222;,&#8222;unit&#8222;:&#8222;&#8222;,&#8222;xs&#8222;:&#8222;&#8222;,&#8222;sm&#8222;:&#8222;&#8222;,&#8222;md&#8222;:&#8222;&#8222;,&#8222;lg&#8222;:&#8222;&#8222;}&#8220; img_mwidth=&#8220;{&#8222;xl&#8222;:&#8222;100&#8222;,&#8222;unit&#8222;:&#8222;%&#8222;,&#8222;xs&#8222;:&#8222;&#8222;,&#8222;sm&#8222;:&#8222;&#8222;,&#8222;md&#8222;:&#8222;&#8222;,&#8222;lg&#8222;:&#8222;&#8222;}&#8220;][vc_column_text css=&#8220;&#8220; el_class=&#8220;lead p-b-lg m-b-lg&#8220;]Bei der Istanbul Health Agency setzen wir uns daf\u00fcr ein, erstklassige Gesundheitsdienstleistungen mit einem patientenorientierten Ansatz anzubieten. Unser Team aus erfahrenen Fachleuten und modern ausgestatteten Einrichtungen stellt sicher, dass jede Person eine individuelle Betreuung erh\u00e4lt, die auf ihre Bed\u00fcrfnisse zugeschnitten ist. Von fortschrittlichen Behandlungen bis hin zu umfassenden Gesundheitsl\u00f6sungen begleiten wir Sie auf Ihrem Weg zu besserer Gesundheit und Wohlbefinden.<\/p>\n<p>Nachfolgend finden Sie die wichtigsten Dienstleistungen, die wir anbieten, um Ihre Gesundheitsziele zu erreichen:[\/vc_column_text][\/vc_column][\/vc_row][vc_row animation_type=&#8220;fadeInUp&#8220;][vc_column]<div class=\"porto-feature-box wpb_content_element \"><div class=\"feature-box feature-box-style-2\"><div class=\"feature-box-icon\"><i class=\"icon-image\" style=\"font-size:14px\"><img decoding=\"async\" alt=\"\" src=\"\/\/istanbulhealthagency.de\/wp-content\/uploads\/2016\/09\/department-icon-dental.png\"><\/i><\/div><div class=\"feature-box-info\">[vc_custom_heading text=&#8220;Zahnbehandlungen&#8220; font_container=&#8220;tag:h4|text_align:left&#8220; use_theme_fonts=&#8220;yes&#8220; el_class=&#8220;font-weight-semibold m-b-xs&#8220;][vc_column_text css=&#8220;&#8220; el_class=&#8220;m-b-sm&#8220;]<span style=\"font-weight: 400;\">Unsere modern ausgestattete Zahnklinik mit <\/span><b>hauseigenem Labor<\/b><span style=\"font-weight: 400;\"> erm\u00f6glicht es uns, hochwertigen Zahnersatz wie <\/span><b>Emax- und Zirkonkronen, Hollywood Smile, Implantate &amp; Veneers<\/b><span style=\"font-weight: 400;\"> in Rekordzeit herzustellen.<\/span>[\/vc_column_text][vc_btn title=&#8220;Detail&#8220; style=&#8220;flat&#8220; shape=&#8220;rounded&#8220; color=&#8220;blue&#8220; i_align=&#8220;right&#8220; i_icon_fontawesome=&#8220;fas fa-arrow-right&#8220; hover_effect=&#8220;hover-icon-zoom&#8220; add_icon=&#8220;true&#8220; link=&#8220;url:https%3A%2F%2Fistanbulhealthagency.de%2Fde%2Fzahnbehandlungen%2F|title:Zahnbehandlungen&#8220;]<\/div><\/div><\/div>[vc_separator color=&#8220;custom&#8220; style=&#8220;solid&#8220; el_class=&#8220;m-b-lg&#8220;][\/vc_column][\/vc_row][vc_row animation_type=&#8220;fadeInUp&#8220;][vc_column]<div class=\"porto-feature-box wpb_content_element \"><div class=\"feature-box feature-box-style-2\"><div class=\"feature-box-icon\"><i class=\"icon-image\" style=\"font-size:14px\"><img decoding=\"async\" alt=\"\" src=\"\/\/istanbulhealthagency.de\/wp-content\/uploads\/2024\/11\/hair-transplant-e1732142794569.png\"><\/i><\/div><div class=\"feature-box-info\">[vc_custom_heading text=&#8220;Haartransplantation&#8220; font_container=&#8220;tag:h4|text_align:left&#8220; use_theme_fonts=&#8220;yes&#8220; el_class=&#8220;font-weight-semibold m-b-xs&#8220;][vc_column_text css=&#8220;&#8220; el_class=&#8220;m-b-sm&#8220;]<span style=\"font-weight: 400;\">Haarausfall muss nicht das Ende sein! Mit modernster <\/span><b>FUE- &amp; DHI-Technik<\/b><span style=\"font-weight: 400;\"> garantieren wir <\/span><b>dichte, nat\u00fcrliche Ergebnisse \u2013 schmerzfrei &amp; mit schneller Heilung<\/b><span style=\"font-weight: 400;\">.<\/span>[\/vc_column_text][vc_btn title=&#8220;Detail&#8220; style=&#8220;flat&#8220; shape=&#8220;rounded&#8220; color=&#8220;blue&#8220; i_align=&#8220;right&#8220; i_icon_fontawesome=&#8220;fas fa-arrow-right&#8220; hover_effect=&#8220;hover-icon-zoom&#8220; add_icon=&#8220;true&#8220; link=&#8220;url:https%3A%2F%2Fistanbulhealthagency.de%2Fde%2Fhaartransplantation%2F|title:Zahnbehandlungen&#8220;]<\/div><\/div><\/div>[vc_separator color=&#8220;custom&#8220; style=&#8220;solid&#8220; gap=&#8220;tall&#8220; el_class=&#8220;m-b-lg&#8220;][\/vc_column][\/vc_row][vc_row animation_type=&#8220;fadeInUp&#8220;][vc_column]<div class=\"porto-feature-box wpb_content_element \"><div class=\"feature-box feature-box-style-2\"><div class=\"feature-box-icon\"><i class=\"icon-image\" style=\"font-size:14px\"><img decoding=\"async\" alt=\"\" src=\"\/\/istanbulhealthagency.de\/wp-content\/uploads\/2024\/11\/lip-augmentation-e1732142598516.png\"><\/i><\/div><div class=\"feature-box-info\">[vc_custom_heading text=&#8220;Sch\u00f6nheitschirurgie&#8220; font_container=&#8220;tag:h4|text_align:left&#8220; use_theme_fonts=&#8220;yes&#8220; el_class=&#8220;font-weight-semibold m-b-xs&#8220;][vc_column_text css=&#8220;&#8220; el_class=&#8220;m-b-sm&#8220;]<span style=\"font-weight: 400;\">Sie tr\u00e4umen von einer perfekten K\u00f6rperform? Unsere erfahrenen Fach\u00e4rzte bieten Ihnen eine gro\u00dfe Auswahl an <\/span><b>plastisch-\u00e4sthetischen Eingriffen<\/b><span style=\"font-weight: 400;\">:<\/span>[\/vc_column_text][vc_btn title=&#8220;Detail&#8220; style=&#8220;flat&#8220; shape=&#8220;rounded&#8220; color=&#8220;blue&#8220; i_align=&#8220;right&#8220; i_icon_fontawesome=&#8220;fas fa-arrow-right&#8220; hover_effect=&#8220;hover-icon-zoom&#8220; add_icon=&#8220;true&#8220; link=&#8220;url:https%3A%2F%2Fistanbulhealthagency.de%2Fde%2Fschoenheitschirurgie%2F|title:Zahnbehandlungen&#8220;]<\/div><\/div><\/div>[vc_separator color=&#8220;custom&#8220; style=&#8220;solid&#8220; gap=&#8220;tall&#8220; el_class=&#8220;m-b-lg&#8220;][\/vc_column][\/vc_row][vc_row animation_type=&#8220;fadeInUp&#8220;][vc_column]<div class=\"porto-feature-box wpb_content_element \"><div class=\"feature-box feature-box-style-2\"><div class=\"feature-box-icon\"><i class=\"icon-image\" style=\"font-size:14px\"><img decoding=\"async\" alt=\"\" src=\"\/\/istanbulhealthagency.de\/wp-content\/uploads\/2016\/09\/department-icon-gastroenterology.png\"><\/i><\/div><div class=\"feature-box-info\">[vc_custom_heading text=&#8220;Adipositas-Chirurgie&#8220; font_container=&#8220;tag:h4|text_align:left&#8220; use_theme_fonts=&#8220;yes&#8220; el_class=&#8220;font-weight-semibold m-b-xs&#8220;][vc_column_text css=&#8220;&#8220; el_class=&#8220;m-b-sm&#8220;]<span style=\"font-weight: 400;\">F\u00fcr viele Menschen ist eine langfristige Gewichtsreduktion schwierig \u2013 <\/span><b>wir bieten L\u00f6sungen!<\/b><span style=\"font-weight: 400;\"> Mit modernsten Methoden helfen wir Ihnen, dauerhaft Gewicht zu verlieren:<\/span>[\/vc_column_text][vc_btn title=&#8220;Detail&#8220; style=&#8220;flat&#8220; shape=&#8220;rounded&#8220; color=&#8220;blue&#8220; i_align=&#8220;right&#8220; i_icon_fontawesome=&#8220;fas fa-arrow-right&#8220; hover_effect=&#8220;hover-icon-zoom&#8220; add_icon=&#8220;true&#8220; link=&#8220;url:https%3A%2F%2Fistanbulhealthagency.de%2Fde%2Fstichpunkte-bariatrie%2F|title:Zahnbehandlungen&#8220;]<\/div><\/div><\/div>[vc_separator color=&#8220;custom&#8220; style=&#8220;solid&#8220; gap=&#8220;tall&#8220; el_class=&#8220;m-b-lg&#8220;][\/vc_column][\/vc_row][vc_row animation_type=&#8220;fadeInUp&#8220;][vc_column]<div class=\"porto-feature-box wpb_content_element \"><div class=\"feature-box feature-box-style-2\"><div class=\"feature-box-icon\"><i class=\"icon-image\" style=\"font-size:14px\"><img decoding=\"async\" alt=\"\" src=\"\/\/istanbulhealthagency.de\/wp-content\/uploads\/2016\/09\/department-icon-cardiology.png\"><\/i><\/div><div class=\"feature-box-info\">[vc_custom_heading text=&#8220;Rundum-Sorglos&#8220; font_container=&#8220;tag:h4|text_align:left&#8220; use_theme_fonts=&#8220;yes&#8220; el_class=&#8220;font-weight-semibold m-b-xs&#8220;][vc_column_text css=&#8220;&#8220; el_class=&#8220;m-b-sm&#8220;]<span style=\"font-weight: 400;\">Wir m\u00f6chten, dass Sie sich rundum wohlf\u00fchlen. Deshalb bieten wir ein <\/span><b>Komplettservice-Paket<\/b><span style=\"font-weight: 400;\">, das Ihren Aufenthalt in Istanbul so angenehm wie m\u00f6glich macht<\/span>[\/vc_column_text]<\/div><\/div><\/div>[vc_separator color=&#8220;custom&#8220; style=&#8220;solid&#8220; gap=&#8220;tall&#8220; el_class=&#8220;m-b-lg&#8220;][\/vc_column][\/vc_row]<\/p>\n<\/div>","protected":false},"excerpt":{"rendered":"<p>[vc_row][vc_column][vc_single_image image=&#8220;333&#8243; img_size=&#8220;full&#8220; alignment=&#8220;center&#8220; css=&#8220;&#8220; img_object=&#8220;cover&#8220; img_width=&#8220;{&#8222;xl&#8222;:&#8222;100&#8222;,&#8222;unit&#8222;:&#8222;%&#8222;,&#8222;xs&#8222;:&#8222;&#8222;,&#8222;sm&#8222;:&#8222;&#8222;,&#8222;md&#8222;:&#8222;&#8222;,&#8222;lg&#8222;:&#8222;&#8222;}&#8220; img_height=&#8220;{&#8222;xl&#8222;:&#8222;400&#8222;,&#8222;unit&#8222;:&#8222;&#8222;,&#8222;xs&#8222;:&#8222;&#8222;,&#8222;sm&#8222;:&#8222;&#8222;,&#8222;md&#8222;:&#8222;&#8222;,&#8222;lg&#8222;:&#8222;&#8222;}&#8220; img_mwidth=&#8220;{&#8222;xl&#8222;:&#8222;100&#8222;,&#8222;unit&#8222;:&#8222;%&#8222;,&#8222;xs&#8222;:&#8222;&#8222;,&#8222;sm&#8222;:&#8222;&#8222;,&#8222;md&#8222;:&#8222;&#8222;,&#8222;lg&#8222;:&#8222;&#8222;}&#8220;][vc_column_text css=&#8220;&#8220; el_class=&#8220;lead p-b-lg m-b-lg&#8220;]Bei der Istanbul Health Agency setzen wir uns daf\u00fcr ein, erstklassige Gesundheitsdienstleistungen mit einem patientenorientierten Ansatz anzubieten. Unser Team aus erfahrenen Fachleuten und modern ausgestatteten Einrichtungen stellt sicher, dass jede Person eine individuelle Betreuung erh\u00e4lt, die auf ihre Bed\u00fcrfnisse zugeschnitten ist. Von fortschrittlichen [&hellip;]<\/p>\n","protected":false},"author":1,"featured_media":0,"parent":0,"menu_order":0,"comment_status":"closed","ping_status":"closed","template":"","meta":{"footnotes":""},"class_list":["post-381","page","type-page","status-publish","hentry"],"_links":{"self":[{"href":"https:\/\/istanbulhealthagency.de\/de\/wp-json\/wp\/v2\/pages\/381","targetHints":{"allow":["GET"]}}],"collection":[{"href":"https:\/\/istanbulhealthagency.de\/de\/wp-json\/wp\/v2\/pages"}],"about":[{"href":"https:\/\/istanbulhealthagency.de\/de\/wp-json\/wp\/v2\/types\/page"}],"author":[{"embeddable":true,"href":"https:\/\/istanbulhealthagency.de\/de\/wp-json\/wp\/v2\/users\/1"}],"replies":[{"embeddable":true,"href":"https:\/\/istanbulhealthagency.de\/de\/wp-json\/wp\/v2\/comments?post=381"}],"version-history":[{"count":3,"href":"https:\/\/istanbulhealthagency.de\/de\/wp-json\/wp\/v2\/pages\/381\/revisions"}],"predecessor-version":[{"id":433,"href":"https:\/\/istanbulhealthagency.de\/de\/wp-json\/wp\/v2\/pages\/381\/revisions\/433"}],"wp:attachment":[{"href":"https:\/\/istanbulhealthagency.de\/de\/wp-json\/wp\/v2\/media?parent=381"}],"curies":[{"name":"wp","href":"https:\/\/api.w.org\/{rel}","templated":true}]}}