{"id":421,"date":"2025-04-27T22:22:23","date_gmt":"2025-04-27T22:22:23","guid":{"rendered":"https:\/\/istanbulhealthagency.de\/?page_id=421"},"modified":"2025-04-27T22:22:23","modified_gmt":"2025-04-27T22:22:23","slug":"haartransplantation","status":"publish","type":"page","link":"https:\/\/istanbulhealthagency.de\/de\/haartransplantation\/","title":{"rendered":"Haartransplantation"},"content":{"rendered":"<div class=\"wpb-content-wrapper\"><p>[vc_row][vc_column][vc_single_image image=&#8220;371&#8243; img_size=&#8220;&#8220; alignment=&#8220;center&#8220; css=&#8220;&#8220; label=&#8220;&#8220;][\/vc_column][\/vc_row][vc_row][vc_column][vc_column_text css=&#8220;&#8220;]<\/p>\n<h4><b>1. FUE-Technik (Follicular Unit Extraction)<\/b><\/h4>\n<p><span style=\"font-weight: 400;\">Die FUE-Technik ist eine der beliebtesten Methoden der Haartransplantation und wird weltweit f\u00fcr ihre Pr\u00e4zision und Nat\u00fcrlichkeit gesch\u00e4tzt.<\/span><span style=\"font-weight: 400;\"><br \/>\n<\/span><b>Merkmale:<\/b><\/p>\n<ul>\n<li style=\"font-weight: 400;\" aria-level=\"1\"><span style=\"font-weight: 400;\">Einzelne Haarfollikel werden aus dem Spenderbereich (meist Hinterkopf) entnommen und in die kahlen Stellen transplantiert.<\/span><\/li>\n<li style=\"font-weight: 400;\" aria-level=\"1\"><span style=\"font-weight: 400;\">Minimalinvasiv und hinterl\u00e4sst keine sichtbaren Narben.<\/span><span style=\"font-weight: 400;\"><br \/>\n<\/span><b>Wie es wirkt:<\/b><\/li>\n<li style=\"font-weight: 400;\" aria-level=\"1\"><span style=\"font-weight: 400;\">Die Haarfollikel wachsen an der neuen Stelle nat\u00fcrlich weiter.<\/span><\/li>\n<li style=\"font-weight: 400;\" aria-level=\"1\"><span style=\"font-weight: 400;\">Erzielung eines dichten, nat\u00fcrlichen Haarbildes.<\/span><span style=\"font-weight: 400;\"><br \/>\n<\/span><b>Vorteile:<\/b><\/li>\n<li style=\"font-weight: 400;\" aria-level=\"1\"><span style=\"font-weight: 400;\">Kurze Heilungszeit und geringe Komplikationsrate.<\/span><\/li>\n<li style=\"font-weight: 400;\" aria-level=\"1\"><span style=\"font-weight: 400;\">Geeignet f\u00fcr kleine und gr\u00f6\u00dfere kahle Stellen.<\/span><span style=\"font-weight: 400;\"><br \/>\n<\/span><b>Behandlungsdauer:<\/b><span style=\"font-weight: 400;\"> 6-8 Stunden, abh\u00e4ngig von der Anzahl der ben\u00f6tigten Transplantate.<\/span><\/li>\n<\/ul>\n<h4><b>2. DHI-Technik (Direct Hair Implantation)<\/b><\/h4>\n<p><span style=\"font-weight: 400;\">Die DHI-Technik ist eine Weiterentwicklung der FUE-Methode und erm\u00f6glicht noch pr\u00e4zisere Ergebnisse.<\/span><span style=\"font-weight: 400;\"><br \/>\n<\/span><b>Merkmale:<\/b><\/p>\n<ul>\n<li style=\"font-weight: 400;\" aria-level=\"1\"><span style=\"font-weight: 400;\">Haarfollikel werden mit einem speziellen Implanter-Stift direkt in die Kopfhaut eingesetzt.<\/span><\/li>\n<li style=\"font-weight: 400;\" aria-level=\"1\"><span style=\"font-weight: 400;\">Kein vorheriges \u00d6ffnen von Kan\u00e4len n\u00f6tig, was die Heilungszeit verk\u00fcrzt.<\/span><span style=\"font-weight: 400;\"><br \/>\n<\/span><b>Wie es wirkt:<\/b><\/li>\n<li style=\"font-weight: 400;\" aria-level=\"1\"><span style=\"font-weight: 400;\">Maximale Kontrolle \u00fcber die Tiefe, Richtung und Winkel der Haarimplantate.<\/span><\/li>\n<li style=\"font-weight: 400;\" aria-level=\"1\"><span style=\"font-weight: 400;\">Besonders geeignet f\u00fcr eine Verdichtung bestehender Haare.<\/span><span style=\"font-weight: 400;\"><br \/>\n<\/span><b>Vorteile:<\/b><\/li>\n<li style=\"font-weight: 400;\" aria-level=\"1\"><span style=\"font-weight: 400;\">Nat\u00fcrliche Ergebnisse mit h\u00f6herer Haardichte.<\/span><\/li>\n<li style=\"font-weight: 400;\" aria-level=\"1\"><span style=\"font-weight: 400;\">Schnellere Heilung durch minimalen Eingriff.<\/span><span style=\"font-weight: 400;\"><br \/>\n<\/span><b>Behandlungsdauer:<\/b><span style=\"font-weight: 400;\"> 6-8 Stunden, je nach Behandlungsumfang.<\/span><\/li>\n<\/ul>\n<h4><b>3. PRP-Therapie (Pl\u00e4ttchenreiches Plasma)<\/b><\/h4>\n<p><span style=\"font-weight: 400;\">Die PRP-Therapie ist eine unterst\u00fctzende Behandlung, die das Haarwachstum f\u00f6rdert und die Gesundheit der Kopfhaut verbessert.<\/span><span style=\"font-weight: 400;\"><br \/>\n<\/span><b>Merkmale:<\/b><\/p>\n<ul>\n<li style=\"font-weight: 400;\" aria-level=\"1\"><span style=\"font-weight: 400;\">Eigenes Blutplasma, angereichert mit Wachstumsfaktoren, wird in die Kopfhaut injiziert.<\/span><\/li>\n<li style=\"font-weight: 400;\" aria-level=\"1\"><span style=\"font-weight: 400;\">Regt die Durchblutung und Zellregeneration an.<\/span><span style=\"font-weight: 400;\"><br \/>\n<\/span><b>Wie es wirkt:<\/b><\/li>\n<li style=\"font-weight: 400;\" aria-level=\"1\"><span style=\"font-weight: 400;\">Stimuliert geschw\u00e4chte Haarfollikel und f\u00f6rdert neues Haarwachstum.<\/span><\/li>\n<li style=\"font-weight: 400;\" aria-level=\"1\"><span style=\"font-weight: 400;\">Unterst\u00fctzt die Heilung nach einer Haartransplantation.<\/span><span style=\"font-weight: 400;\"><br \/>\n<\/span><b>Vorteile:<\/b><\/li>\n<li style=\"font-weight: 400;\" aria-level=\"1\"><span style=\"font-weight: 400;\">Nat\u00fcrliche Methode ohne Nebenwirkungen.<\/span><\/li>\n<li style=\"font-weight: 400;\" aria-level=\"1\"><span style=\"font-weight: 400;\">Verbesserte Haardichte und Vitalit\u00e4t.<\/span><span style=\"font-weight: 400;\"><br \/>\n<\/span><b>Behandlungsdauer:<\/b><span style=\"font-weight: 400;\"> 30-60 Minuten, als Einzelbehandlung oder Kur von mehreren Sitzungen.<\/span><\/li>\n<\/ul>\n<h4><b>4. Stammzellentherapie f\u00fcr Haare<\/b><\/h4>\n<p><span style=\"font-weight: 400;\">Die Stammzellentherapie ist eine revolution\u00e4re Methode zur F\u00f6rderung des Haarwachstums durch k\u00f6rpereigene regenerative Zellen.<\/span><span style=\"font-weight: 400;\"><br \/>\n<\/span><b>Merkmale:<\/b><\/p>\n<ul>\n<li style=\"font-weight: 400;\" aria-level=\"1\"><span style=\"font-weight: 400;\">Stammzellen werden aus Fettgewebe oder Blut gewonnen und in die Kopfhaut injiziert.<\/span><\/li>\n<li style=\"font-weight: 400;\" aria-level=\"1\"><span style=\"font-weight: 400;\">Aktiviert ruhende Haarfollikel und regeneriert gesch\u00e4digte Haarwurzeln.<\/span><span style=\"font-weight: 400;\"><br \/>\n<\/span><b>Wie es wirkt:<\/b><\/li>\n<li style=\"font-weight: 400;\" aria-level=\"1\"><span style=\"font-weight: 400;\">F\u00f6rdert das nat\u00fcrliche Haarwachstum und regeneriert die Kopfhaut.<\/span><\/li>\n<li style=\"font-weight: 400;\" aria-level=\"1\"><span style=\"font-weight: 400;\">Ideal f\u00fcr Patienten in fr\u00fchen Stadien des Haarausfalls.<\/span><span style=\"font-weight: 400;\"><br \/>\n<\/span><b>Vorteile:<\/b><\/li>\n<li style=\"font-weight: 400;\" aria-level=\"1\"><span style=\"font-weight: 400;\">Innovativ und zukunftsweisend.<\/span><\/li>\n<li style=\"font-weight: 400;\" aria-level=\"1\"><span style=\"font-weight: 400;\">Keine Nebenwirkungen, da k\u00f6rpereigenes Material verwendet wird.<\/span><span style=\"font-weight: 400;\"><br \/>\n<\/span><b>Behandlungsdauer:<\/b><span style=\"font-weight: 400;\"> 1-2 Stunden, je nach Verfahren.<\/span><\/li>\n<\/ul>\n<p>&nbsp;[\/vc_column_text][\/vc_column][\/vc_row]<\/p>\n<\/div>","protected":false},"excerpt":{"rendered":"<p>[vc_row][vc_column][vc_single_image image=&#8220;371&#8243; img_size=&#8220;&#8220; alignment=&#8220;center&#8220; css=&#8220;&#8220; label=&#8220;&#8220;][\/vc_column][\/vc_row][vc_row][vc_column][vc_column_text css=&#8220;&#8220;] 1. FUE-Technik (Follicular Unit Extraction) Die FUE-Technik ist eine der beliebtesten Methoden der Haartransplantation und wird weltweit f\u00fcr ihre Pr\u00e4zision und Nat\u00fcrlichkeit gesch\u00e4tzt. Merkmale: Einzelne Haarfollikel werden aus dem Spenderbereich (meist Hinterkopf) entnommen und in die kahlen Stellen transplantiert. Minimalinvasiv und hinterl\u00e4sst keine sichtbaren Narben. Wie es wirkt: [&hellip;]<\/p>\n","protected":false},"author":1,"featured_media":0,"parent":0,"menu_order":0,"comment_status":"closed","ping_status":"closed","template":"","meta":{"footnotes":""},"class_list":["post-421","page","type-page","status-publish","hentry"],"_links":{"self":[{"href":"https:\/\/istanbulhealthagency.de\/de\/wp-json\/wp\/v2\/pages\/421","targetHints":{"allow":["GET"]}}],"collection":[{"href":"https:\/\/istanbulhealthagency.de\/de\/wp-json\/wp\/v2\/pages"}],"about":[{"href":"https:\/\/istanbulhealthagency.de\/de\/wp-json\/wp\/v2\/types\/page"}],"author":[{"embeddable":true,"href":"https:\/\/istanbulhealthagency.de\/de\/wp-json\/wp\/v2\/users\/1"}],"replies":[{"embeddable":true,"href":"https:\/\/istanbulhealthagency.de\/de\/wp-json\/wp\/v2\/comments?post=421"}],"version-history":[{"count":2,"href":"https:\/\/istanbulhealthagency.de\/de\/wp-json\/wp\/v2\/pages\/421\/revisions"}],"predecessor-version":[{"id":423,"href":"https:\/\/istanbulhealthagency.de\/de\/wp-json\/wp\/v2\/pages\/421\/revisions\/423"}],"wp:attachment":[{"href":"https:\/\/istanbulhealthagency.de\/de\/wp-json\/wp\/v2\/media?parent=421"}],"curies":[{"name":"wp","href":"https:\/\/api.w.org\/{rel}","templated":true}]}}