{"id":427,"date":"2025-04-27T22:27:08","date_gmt":"2025-04-27T22:27:08","guid":{"rendered":"https:\/\/istanbulhealthagency.de\/?page_id=427"},"modified":"2025-04-27T22:27:08","modified_gmt":"2025-04-27T22:27:08","slug":"schoenheitschirurgie","status":"publish","type":"page","link":"https:\/\/istanbulhealthagency.de\/de\/schoenheitschirurgie\/","title":{"rendered":"Sch\u00f6nheitschirurgie"},"content":{"rendered":"<div class=\"wpb-content-wrapper\"><p>[vc_row][vc_column][vc_single_image image=&#8220;371&#8243; img_size=&#8220;&#8220; alignment=&#8220;center&#8220; css=&#8220;&#8220;][\/vc_column][\/vc_row][vc_row][vc_column][vc_column_text css=&#8220;&#8220;]<\/p>\n<h3><b>Detaillierte Informationen zu Sch\u00f6nheitsoperationen bei Istanbul Health Agency<\/b><\/h3>\n<h4><b>1. Nasenkorrektur (Rhinoplasty)<\/b><\/h4>\n<p><span style=\"font-weight: 400;\">Die Nasenkorrektur z\u00e4hlt zu den beliebtesten Sch\u00f6nheitsoperationen und kann \u00e4sthetische sowie funktionale Probleme l\u00f6sen.<\/span><\/p>\n<p><b>Merkmale:<\/b><\/p>\n<ul>\n<li style=\"font-weight: 400;\" aria-level=\"1\"><span style=\"font-weight: 400;\">Formver\u00e4nderung der Nase, um Proportionen zu harmonisieren und die Gesichtssymmetrie zu verbessern.<\/span><\/li>\n<li style=\"font-weight: 400;\" aria-level=\"1\"><span style=\"font-weight: 400;\">M\u00f6glichkeit, gleichzeitig funktionale Probleme wie Atembeschwerden zu beheben.<\/span><\/li>\n<\/ul>\n<p><b>Wie es wirkt:<\/b><\/p>\n<ul>\n<li style=\"font-weight: 400;\" aria-level=\"1\"><span style=\"font-weight: 400;\">Pr\u00e4zise Anpassung der Nasenstruktur durch modernste chirurgische Techniken.<\/span><\/li>\n<li style=\"font-weight: 400;\" aria-level=\"1\"><span style=\"font-weight: 400;\">Verbesserte \u00c4sthetik und Funktionalit\u00e4t.<\/span><\/li>\n<\/ul>\n<p><b>Vorteile:<\/b><\/p>\n<ul>\n<li style=\"font-weight: 400;\" aria-level=\"1\"><span style=\"font-weight: 400;\">Harmonisches und nat\u00fcrliches Ergebnis.<\/span><\/li>\n<li style=\"font-weight: 400;\" aria-level=\"1\"><span style=\"font-weight: 400;\">Kombination aus \u00e4sthetischen und medizinischen Verbesserungen.<\/span><\/li>\n<\/ul>\n<p><b>Behandlungsdauer:<\/b><span style=\"font-weight: 400;\"><br \/>\n<\/span><span style=\"font-weight: 400;\">2-3 Stunden Operationszeit, mit einer Erholungsphase von 7-14 Tagen.<\/span><\/p>\n<h4><b>2. Korrektur einer misslungenen Nasen-OP (Rhinoplasty Revision)<\/b><\/h4>\n<p><span style=\"font-weight: 400;\">Die Rhinoplasty Revision ist f\u00fcr Patienten gedacht, die mit den Ergebnissen einer vorherigen Nasenkorrektur unzufrieden sind.<\/span><\/p>\n<p><b>Merkmale:<\/b><\/p>\n<ul>\n<li style=\"font-weight: 400;\" aria-level=\"1\"><span style=\"font-weight: 400;\">Korrektur von \u00e4sthetischen und funktionalen Problemen nach einer fr\u00fcheren Nasenoperation.<\/span><\/li>\n<li style=\"font-weight: 400;\" aria-level=\"1\"><span style=\"font-weight: 400;\">Komplexere Verfahren zur Wiederherstellung oder Verbesserung der Nasenstruktur.<\/span><\/li>\n<\/ul>\n<p><b>Wie es wirkt:<\/b><\/p>\n<ul>\n<li style=\"font-weight: 400;\" aria-level=\"1\"><span style=\"font-weight: 400;\">Wiederherstellung der Nasenfunktion und Optimierung des Aussehens.<\/span><\/li>\n<li style=\"font-weight: 400;\" aria-level=\"1\"><span style=\"font-weight: 400;\">Einsatz pr\u00e4ziser Techniken f\u00fcr nat\u00fcrlichere Ergebnisse.<\/span><\/li>\n<\/ul>\n<p><b>Vorteile:<\/b><\/p>\n<ul>\n<li style=\"font-weight: 400;\" aria-level=\"1\"><span style=\"font-weight: 400;\">Erneutes Vertrauen in das eigene Aussehen.<\/span><\/li>\n<li style=\"font-weight: 400;\" aria-level=\"1\"><span style=\"font-weight: 400;\">Korrektur von Formfehlern oder Atembeschwerden.<\/span><\/li>\n<\/ul>\n<p><b>Behandlungsdauer:<\/b><span style=\"font-weight: 400;\"><br \/>\n<\/span><span style=\"font-weight: 400;\">3-4 Stunden, mit einer l\u00e4ngeren Erholungsphase von etwa 14-21 Tagen.<\/span><\/p>\n<h4><b>3. Mommy Makeover<\/b><\/h4>\n<p><span style=\"font-weight: 400;\">Das Mommy Makeover ist eine Kombination mehrerer Verfahren, die speziell f\u00fcr Frauen nach einer Schwangerschaft entwickelt wurden.<\/span><\/p>\n<p><b>Merkmale:<\/b><\/p>\n<ul>\n<li style=\"font-weight: 400;\" aria-level=\"1\"><span style=\"font-weight: 400;\">H\u00e4ufige Kombination aus Bruststraffung\/-vergr\u00f6\u00dferung, Bauchdeckenstraffung und Fettabsaugung.<\/span><\/li>\n<li style=\"font-weight: 400;\" aria-level=\"1\"><span style=\"font-weight: 400;\">Ziel ist die Wiederherstellung der urspr\u00fcnglichen K\u00f6rperkonturen.<\/span><\/li>\n<\/ul>\n<p><b>Wie es wirkt:<\/b><\/p>\n<ul>\n<li style=\"font-weight: 400;\" aria-level=\"1\"><span style=\"font-weight: 400;\">Entfernt \u00fcbersch\u00fcssige Haut und Fett.<\/span><\/li>\n<li style=\"font-weight: 400;\" aria-level=\"1\"><span style=\"font-weight: 400;\">Strafft die Br\u00fcste und formt den Bauch f\u00fcr eine jugendliche Silhouette.<\/span><\/li>\n<\/ul>\n<p><b>Vorteile:<\/b><\/p>\n<ul>\n<li style=\"font-weight: 400;\" aria-level=\"1\"><span style=\"font-weight: 400;\">Individuell anpassbar an die Bed\u00fcrfnisse jeder Patientin.<\/span><\/li>\n<li style=\"font-weight: 400;\" aria-level=\"1\"><span style=\"font-weight: 400;\">Ganzheitliche Wiederherstellung der Figur nach der Schwangerschaft.<\/span><\/li>\n<\/ul>\n<p><b>Behandlungsdauer:<\/b><span style=\"font-weight: 400;\"><br \/>\n<\/span><span style=\"font-weight: 400;\">4-6 Stunden, abh\u00e4ngig von der Anzahl der Eingriffe. Erholungszeit: 4-6 Wochen.<\/span><\/p>\n<h4><b>4. Fettabsaugung (Liposuktion)<\/b><\/h4>\n<p><span style=\"font-weight: 400;\">Die Fettabsaugung ist eine effektive Methode, um hartn\u00e4ckige Fettpolster zu entfernen und die K\u00f6rperkonturen zu verbessern.<\/span><\/p>\n<p><b>Merkmale:<\/b><\/p>\n<ul>\n<li style=\"font-weight: 400;\" aria-level=\"1\"><span style=\"font-weight: 400;\">Entfernung von Fettdepots an Problemzonen wie Bauch, H\u00fcfte, Oberschenkel oder Armen.<\/span><\/li>\n<li style=\"font-weight: 400;\" aria-level=\"1\"><span style=\"font-weight: 400;\">Einsatz moderner Technologien wie VASER oder Laser-Liposuktion.<\/span><\/li>\n<\/ul>\n<p><b>Wie es wirkt:<\/b><\/p>\n<ul>\n<li style=\"font-weight: 400;\" aria-level=\"1\"><span style=\"font-weight: 400;\">Reduziert gezielt Fettdepots und formt den K\u00f6rper.<\/span><\/li>\n<li style=\"font-weight: 400;\" aria-level=\"1\"><span style=\"font-weight: 400;\">Keine Auswirkungen auf das K\u00f6rpergewicht, sondern auf die Silhouette.<\/span><\/li>\n<\/ul>\n<p><b>Vorteile:<\/b><\/p>\n<ul>\n<li style=\"font-weight: 400;\" aria-level=\"1\"><span style=\"font-weight: 400;\">Sofort sichtbare Ergebnisse.<\/span><\/li>\n<li style=\"font-weight: 400;\" aria-level=\"1\"><span style=\"font-weight: 400;\">Geeignet f\u00fcr Bereiche, die durch Sport und Di\u00e4t schwer zu beeinflussen sind.<\/span><\/li>\n<\/ul>\n<p><b>Behandlungsdauer:<\/b><span style=\"font-weight: 400;\"><br \/>\n<\/span><span style=\"font-weight: 400;\">1-3 Stunden, je nach Behandlungsgebiet. Erholungszeit: 1-2 Wochen.<\/span><\/p>\n<h4><b>5. Brazilian Butt Lift (BBL)<\/b><\/h4>\n<p><span style=\"font-weight: 400;\">Der BBL kombiniert Fettabsaugung und Eigenfetttransfer, um das Ges\u00e4\u00df zu formen und zu vergr\u00f6\u00dfern.<\/span><\/p>\n<p><b>Merkmale:<\/b><\/p>\n<ul>\n<li style=\"font-weight: 400;\" aria-level=\"1\"><span style=\"font-weight: 400;\">Fett wird aus Problemzonen wie Bauch oder Oberschenkeln entnommen, aufbereitet und in das Ges\u00e4\u00df injiziert.<\/span><\/li>\n<li style=\"font-weight: 400;\" aria-level=\"1\"><span style=\"font-weight: 400;\">Nat\u00fcrliche Ergebnisse durch k\u00f6rpereigenes Material.<\/span><\/li>\n<\/ul>\n<p><b>Wie es wirkt:<\/b><\/p>\n<ul>\n<li style=\"font-weight: 400;\" aria-level=\"1\"><span style=\"font-weight: 400;\">Vergr\u00f6\u00dfert und hebt das Ges\u00e4\u00df f\u00fcr eine kurvige Figur.<\/span><\/li>\n<li style=\"font-weight: 400;\" aria-level=\"1\"><span style=\"font-weight: 400;\">Kombination aus K\u00f6rpermodellierung und Volumenaufbau.<\/span><\/li>\n<\/ul>\n<p><b>Vorteile:<\/b><\/p>\n<ul>\n<li style=\"font-weight: 400;\" aria-level=\"1\"><span style=\"font-weight: 400;\">Nat\u00fcrlich aussehende Ergebnisse.<\/span><\/li>\n<li style=\"font-weight: 400;\" aria-level=\"1\"><span style=\"font-weight: 400;\">Doppelte Wirkung: Entfernung von Fett an unerw\u00fcnschten Stellen und Aufbau an gew\u00fcnschten Zonen.<\/span><\/li>\n<\/ul>\n<p><b>Behandlungsdauer:<\/b><span style=\"font-weight: 400;\"><br \/>\n<\/span><span style=\"font-weight: 400;\">2-4 Stunden, mit einer Erholungszeit von 2-3 Wochen.<\/span><\/p>\n<h4><b>6. Brustvergr\u00f6\u00dferung<\/b><\/h4>\n<p><span style=\"font-weight: 400;\">Die Brustvergr\u00f6\u00dferung ist eine der gefragtesten Sch\u00f6nheitsoperationen und wird individuell an die W\u00fcnsche der Patientin angepasst.<\/span><\/p>\n<p><b>Merkmale:<\/b><\/p>\n<ul>\n<li style=\"font-weight: 400;\" aria-level=\"1\"><span style=\"font-weight: 400;\">Verwendung von Silikonimplantaten oder Eigenfett zur Vergr\u00f6\u00dferung der Br\u00fcste.<\/span><\/li>\n<li style=\"font-weight: 400;\" aria-level=\"1\"><span style=\"font-weight: 400;\">Anpassung der Gr\u00f6\u00dfe und Form f\u00fcr ein harmonisches Gesamtbild.<\/span><\/li>\n<\/ul>\n<p><b>Wie es wirkt:<\/b><\/p>\n<ul>\n<li style=\"font-weight: 400;\" aria-level=\"1\"><span style=\"font-weight: 400;\">Verbesserung von Volumen und Form der Brust.<\/span><\/li>\n<li style=\"font-weight: 400;\" aria-level=\"1\"><span style=\"font-weight: 400;\">Wiederherstellung eines jugendlichen Aussehens nach Schwangerschaft oder Gewichtsverlust.<\/span><\/li>\n<\/ul>\n<p><b>Vorteile:<\/b><\/p>\n<ul>\n<li style=\"font-weight: 400;\" aria-level=\"1\"><span style=\"font-weight: 400;\">Individuell anpassbar an die W\u00fcnsche der Patientin.<\/span><\/li>\n<li style=\"font-weight: 400;\" aria-level=\"1\"><span style=\"font-weight: 400;\">Nat\u00fcrlich aussehende und \u00e4sthetische Ergebnisse.<\/span><\/li>\n<\/ul>\n<p><b>Behandlungsdauer:<\/b><span style=\"font-weight: 400;\"><br \/>\n<\/span><span style=\"font-weight: 400;\">1-2 Stunden Operationszeit, mit einer Erholungszeit von 1-2 Wochen.<\/span><\/p>\n<p>&nbsp;<\/p>\n<h3><b>Warum Istanbul Health Agency f\u00fcr Sch\u00f6nheitsoperationen?<\/b><\/h3>\n<ul>\n<li style=\"font-weight: 400;\" aria-level=\"1\"><b>Erfahrene Chirurgen:<\/b><span style=\"font-weight: 400;\"> Spezialisten mit jahrelanger Erfahrung in plastischer und \u00e4sthetischer Chirurgie.<\/span><\/li>\n<li style=\"font-weight: 400;\" aria-level=\"1\"><b>Modernste Technologien:<\/b><span style=\"font-weight: 400;\"> Minimalinvasive und pr\u00e4zise Methoden f\u00fcr optimale Ergebnisse.<\/span><\/li>\n<li style=\"font-weight: 400;\" aria-level=\"1\"><b>Individuelle Betreuung:<\/b><span style=\"font-weight: 400;\"> Jede Behandlung wird auf Ihre Bed\u00fcrfnisse und W\u00fcnsche abgestimmt.<\/span><\/li>\n<li style=\"font-weight: 400;\" aria-level=\"1\"><b>Kostenersparnis:<\/b><span style=\"font-weight: 400;\"> Bis zu 70 % g\u00fcnstiger als in Deutschland, bei gleichbleibend hoher Qualit\u00e4t.<\/span><\/li>\n<\/ul>\n<p><span style=\"font-weight: 400;\">Mit der <\/span><b>Istanbul Health Agency<\/b><span style=\"font-weight: 400;\"> k\u00f6nnen Sie Ihre \u00e4sthetischen Ziele sicher und professionell erreichen \u2013 in einer vertrauensvollen Umgebung und mit beeindruckenden Ergebnissen. \u2728<\/span><\/p>\n<p>&nbsp;[\/vc_column_text][\/vc_column][\/vc_row]<\/p>\n<\/div>","protected":false},"excerpt":{"rendered":"<p>[vc_row][vc_column][vc_single_image image=&#8220;371&#8243; img_size=&#8220;&#8220; alignment=&#8220;center&#8220; css=&#8220;&#8220;][\/vc_column][\/vc_row][vc_row][vc_column][vc_column_text css=&#8220;&#8220;] Detaillierte Informationen zu Sch\u00f6nheitsoperationen bei Istanbul Health Agency 1. Nasenkorrektur (Rhinoplasty) Die Nasenkorrektur z\u00e4hlt zu den beliebtesten Sch\u00f6nheitsoperationen und kann \u00e4sthetische sowie funktionale Probleme l\u00f6sen. Merkmale: Formver\u00e4nderung der Nase, um Proportionen zu harmonisieren und die Gesichtssymmetrie zu verbessern. M\u00f6glichkeit, gleichzeitig funktionale Probleme wie Atembeschwerden zu beheben. Wie es wirkt: [&hellip;]<\/p>\n","protected":false},"author":1,"featured_media":0,"parent":0,"menu_order":0,"comment_status":"closed","ping_status":"closed","template":"","meta":{"footnotes":""},"class_list":["post-427","page","type-page","status-publish","hentry"],"_links":{"self":[{"href":"https:\/\/istanbulhealthagency.de\/de\/wp-json\/wp\/v2\/pages\/427","targetHints":{"allow":["GET"]}}],"collection":[{"href":"https:\/\/istanbulhealthagency.de\/de\/wp-json\/wp\/v2\/pages"}],"about":[{"href":"https:\/\/istanbulhealthagency.de\/de\/wp-json\/wp\/v2\/types\/page"}],"author":[{"embeddable":true,"href":"https:\/\/istanbulhealthagency.de\/de\/wp-json\/wp\/v2\/users\/1"}],"replies":[{"embeddable":true,"href":"https:\/\/istanbulhealthagency.de\/de\/wp-json\/wp\/v2\/comments?post=427"}],"version-history":[{"count":2,"href":"https:\/\/istanbulhealthagency.de\/de\/wp-json\/wp\/v2\/pages\/427\/revisions"}],"predecessor-version":[{"id":429,"href":"https:\/\/istanbulhealthagency.de\/de\/wp-json\/wp\/v2\/pages\/427\/revisions\/429"}],"wp:attachment":[{"href":"https:\/\/istanbulhealthagency.de\/de\/wp-json\/wp\/v2\/media?parent=427"}],"curies":[{"name":"wp","href":"https:\/\/api.w.org\/{rel}","templated":true}]}}