{"id":430,"date":"2025-04-27T22:26:55","date_gmt":"2025-04-27T22:26:55","guid":{"rendered":"https:\/\/istanbulhealthagency.de\/?page_id=430"},"modified":"2025-04-27T22:26:55","modified_gmt":"2025-04-27T22:26:55","slug":"zahnbehandlungen","status":"publish","type":"page","link":"https:\/\/istanbulhealthagency.de\/de\/zahnbehandlungen\/","title":{"rendered":"Zahnbehandlungen"},"content":{"rendered":"<div class=\"wpb-content-wrapper\"><p>[vc_row][vc_column][vc_single_image image=&#8220;371&#8243; img_size=&#8220;&#8220; alignment=&#8220;center&#8220; css=&#8220;&#8220; label=&#8220;&#8220;][\/vc_column][\/vc_row][vc_row][vc_column][vc_column_text css=&#8220;&#8220;]<\/p>\n<h3><b>Detaillierte Informationen zu den Zahnbehandlungen bei Istanbul Health Agency<\/b><\/h3>\n<h4><b>1. Hollywood Smile<\/b><\/h4>\n<p><span style=\"font-weight: 400;\">Die Hollywood Smile ist die perfekte Wahl f\u00fcr Patienten, die ein makelloses und strahlend wei\u00dfes L\u00e4cheln w\u00fcnschen.<\/span><span style=\"font-weight: 400;\"><br \/>\n<\/span><b>Merkmale:<\/b><\/p>\n<ul>\n<li style=\"font-weight: 400;\" aria-level=\"1\"><span style=\"font-weight: 400;\">Verwendung von Veneers, Emax- oder Zirkonkronen, die individuell angepasst werden.<\/span><\/li>\n<li style=\"font-weight: 400;\" aria-level=\"1\"><span style=\"font-weight: 400;\">Fokus auf \u00c4sthetik, einschlie\u00dflich Zahnform, Farbe und Symmetrie, f\u00fcr ein harmonisches Gesamtbild.<\/span><\/li>\n<li style=\"font-weight: 400;\" aria-level=\"1\"><span style=\"font-weight: 400;\">Ideal f\u00fcr Patienten mit verf\u00e4rbten, abgenutzten oder unregelm\u00e4\u00dfigen Z\u00e4hnen.<\/span><span style=\"font-weight: 400;\"><br \/>\n<\/span><b>Behandlungsdauer:<\/b><span style=\"font-weight: 400;\"> 5-7 Tage, dank des hauseigenen Labors.<\/span><span style=\"font-weight: 400;\"><br \/>\n<\/span><b>Kosten:<\/b><span style=\"font-weight: 400;\"> Deutlich g\u00fcnstiger als in Deutschland, bei gleichbleibend hoher Qualit\u00e4t.<\/span><\/li>\n<\/ul>\n<h4><b>2. Veneers<\/b><\/h4>\n<p><span style=\"font-weight: 400;\">Veneers sind hauchd\u00fcnne Verblendschalen aus Keramik oder Komposit, die auf die Vorderseite der Z\u00e4hne aufgebracht werden.<\/span><span style=\"font-weight: 400;\"><br \/>\n<\/span><b>Merkmale:<\/b><\/p>\n<ul>\n<li style=\"font-weight: 400;\" aria-level=\"1\"><span style=\"font-weight: 400;\">Verbessert die \u00c4sthetik von verf\u00e4rbten, unregelm\u00e4\u00dfigen oder leicht besch\u00e4digten Z\u00e4hnen.<\/span><\/li>\n<li style=\"font-weight: 400;\" aria-level=\"1\"><span style=\"font-weight: 400;\">Minimal-invasive Behandlung, da wenig Zahnsubstanz abgetragen wird.<\/span><span style=\"font-weight: 400;\"><br \/>\n<\/span><b>Vorteile:<\/b><\/li>\n<li style=\"font-weight: 400;\" aria-level=\"1\"><span style=\"font-weight: 400;\">Nat\u00fcrliche Optik und dauerhafter Glanz.<\/span><\/li>\n<li style=\"font-weight: 400;\" aria-level=\"1\"><span style=\"font-weight: 400;\">Langlebigkeit bei guter Pflege.<\/span><span style=\"font-weight: 400;\"><br \/>\n<\/span><b>Behandlungsdauer:<\/b><span style=\"font-weight: 400;\"> 5-7 Tage.<\/span><\/li>\n<\/ul>\n<h4><b>3. Zahnkronen und Br\u00fccken<\/b><\/h4>\n<p><span style=\"font-weight: 400;\">Kronen und Br\u00fccken sind die ideale L\u00f6sung zur Wiederherstellung besch\u00e4digter oder fehlender Z\u00e4hne.<\/span><span style=\"font-weight: 400;\"><br \/>\n<\/span><b>Merkmale:<\/b><\/p>\n<ul>\n<li style=\"font-weight: 400;\" aria-level=\"1\"><span style=\"font-weight: 400;\">Kronen bedecken besch\u00e4digte Z\u00e4hne vollst\u00e4ndig und bieten Schutz sowie ein nat\u00fcrliches Aussehen.<\/span><\/li>\n<li style=\"font-weight: 400;\" aria-level=\"1\"><span style=\"font-weight: 400;\">Br\u00fccken ersetzen einen oder mehrere fehlende Z\u00e4hne und werden an benachbarten Z\u00e4hnen oder Implantaten befestigt.<\/span><span style=\"font-weight: 400;\"><br \/>\n<\/span><b>Vorteile:<\/b><\/li>\n<li style=\"font-weight: 400;\" aria-level=\"1\"><span style=\"font-weight: 400;\">Lange Haltbarkeit und hohe \u00c4sthetik.<\/span><\/li>\n<li style=\"font-weight: 400;\" aria-level=\"1\"><span style=\"font-weight: 400;\">Schnelle Anfertigung durch unser Inhouse-Labor.<\/span><span style=\"font-weight: 400;\"><br \/>\n<\/span><b>Behandlungsdauer:<\/b><span style=\"font-weight: 400;\"> 3-5 Tage.<\/span><\/li>\n<\/ul>\n<h4><b>4. Zahnaufhellung (Bleaching)<\/b><\/h4>\n<p><span style=\"font-weight: 400;\">Ein strahlend wei\u00dfes L\u00e4cheln ist mit professionellem Bleaching schnell erreichbar.<\/span><span style=\"font-weight: 400;\"><br \/>\n<\/span><b>Merkmale:<\/b><\/p>\n<ul>\n<li style=\"font-weight: 400;\" aria-level=\"1\"><span style=\"font-weight: 400;\">Einsatz von sicheren und effektiven Bleichmitteln.<\/span><\/li>\n<li style=\"font-weight: 400;\" aria-level=\"1\"><span style=\"font-weight: 400;\">Behandlung in der Klinik oder durch individuell angefertigte Schienen f\u00fcr zu Hause.<\/span><span style=\"font-weight: 400;\"><br \/>\n<\/span><b>Vorteile:<\/b><\/li>\n<li style=\"font-weight: 400;\" aria-level=\"1\"><span style=\"font-weight: 400;\">Sofort sichtbare Ergebnisse.<\/span><\/li>\n<li style=\"font-weight: 400;\" aria-level=\"1\"><span style=\"font-weight: 400;\">Sicher und schonend f\u00fcr die Z\u00e4hne.<\/span><span style=\"font-weight: 400;\"><br \/>\n<\/span><b>Behandlungsdauer:<\/b><span style=\"font-weight: 400;\"> 1-2 Sitzungen.<\/span><\/li>\n<\/ul>\n<h4><b>5. Zahnimplantate (Einzelimplantate)<\/b><\/h4>\n<p><span style=\"font-weight: 400;\">Ein Zahnimplantat ist die ideale L\u00f6sung f\u00fcr den Ersatz eines einzelnen Zahnes oder mehrerer Z\u00e4hne.<\/span><span style=\"font-weight: 400;\"><br \/>\n<\/span><b>Merkmale:<\/b><\/p>\n<ul>\n<li style=\"font-weight: 400;\" aria-level=\"1\"><span style=\"font-weight: 400;\">Besteht aus einer Titanschraube (Implantat), die im Kieferknochen verankert wird, und einer Krone.<\/span><\/li>\n<li style=\"font-weight: 400;\" aria-level=\"1\"><span style=\"font-weight: 400;\">Perfekte \u00c4sthetik und Funktion, die sich nahtlos in das nat\u00fcrliche Gebiss einf\u00fcgt.<\/span><span style=\"font-weight: 400;\"><br \/>\n<\/span><b>Vorteile:<\/b><\/li>\n<li style=\"font-weight: 400;\" aria-level=\"1\"><span style=\"font-weight: 400;\">Langlebigkeit und Stabilit\u00e4t.<\/span><\/li>\n<li style=\"font-weight: 400;\" aria-level=\"1\"><span style=\"font-weight: 400;\">Schutz des Kieferknochens vor R\u00fcckbildung.<\/span><span style=\"font-weight: 400;\"><br \/>\n<\/span><b>Behandlungsdauer:<\/b><span style=\"font-weight: 400;\"> 2 Besuche innerhalb von 3-6 Monaten, abh\u00e4ngig von der Einheilzeit.<\/span><\/li>\n<\/ul>\n<h4><b>6. All-on-6 Implantate<\/b><\/h4>\n<p><span style=\"font-weight: 400;\">Die All-on-6-Technik ist eine bew\u00e4hrte L\u00f6sung f\u00fcr Patienten, die ihre gesamten Z\u00e4hne in einem Kiefer ersetzen m\u00f6chten.<\/span><span style=\"font-weight: 400;\"><br \/>\n<\/span><b>Merkmale:<\/b><\/p>\n<ul>\n<li style=\"font-weight: 400;\" aria-level=\"1\"><span style=\"font-weight: 400;\">Sechs strategisch platzierte Implantate dienen als Basis f\u00fcr eine feste Prothese.<\/span><\/li>\n<li style=\"font-weight: 400;\" aria-level=\"1\"><span style=\"font-weight: 400;\">Ideal f\u00fcr Patienten mit starker Zahnlosigkeit oder irreparabel besch\u00e4digten Z\u00e4hnen.<\/span><\/li>\n<li style=\"font-weight: 400;\" aria-level=\"1\"><span style=\"font-weight: 400;\">Hohe Stabilit\u00e4t und Funktionalit\u00e4t, vergleichbar mit nat\u00fcrlichen Z\u00e4hnen.<\/span><span style=\"font-weight: 400;\"><br \/>\n<\/span><b>Vorteile:<\/b><\/li>\n<li style=\"font-weight: 400;\" aria-level=\"1\"><span style=\"font-weight: 400;\">K\u00fcrzere Behandlungsdauer im Vergleich zu Einzelimplantaten.<\/span><\/li>\n<li style=\"font-weight: 400;\" aria-level=\"1\"><span style=\"font-weight: 400;\">Verbesserte Lebensqualit\u00e4t durch festen Zahnersatz.<\/span><span style=\"font-weight: 400;\"><br \/>\n<\/span><b>Behandlungsdauer:<\/b><span style=\"font-weight: 400;\"> 2-3 Tage f\u00fcr das Einsetzen der Implantate, mit Nachsorge und Anpassung der Prothese nach etwa 3-6 Monaten.<\/span><\/li>\n<\/ul>\n<h4><b>7. Vollst\u00e4ndige Zahnsanierung<\/b><\/h4>\n<p><span style=\"font-weight: 400;\">Eine umfassende Zahnsanierung wird individuell auf Patienten mit komplexen zahnmedizinischen Bed\u00fcrfnissen zugeschnitten.<\/span><span style=\"font-weight: 400;\"><br \/>\n<\/span><b>Merkmale:<\/b><\/p>\n<ul>\n<li style=\"font-weight: 400;\" aria-level=\"1\"><span style=\"font-weight: 400;\">Kombination verschiedener Behandlungen wie Implantate, Kronen, Br\u00fccken und Veneers.<\/span><\/li>\n<li style=\"font-weight: 400;\" aria-level=\"1\"><span style=\"font-weight: 400;\">Planung durch ein erfahrenes Team und Nutzung modernster Technologie.<\/span><span style=\"font-weight: 400;\"><br \/>\n<\/span><b>Vorteile:<\/b><\/li>\n<li style=\"font-weight: 400;\" aria-level=\"1\"><span style=\"font-weight: 400;\">Wiederherstellung von Funktion, \u00c4sthetik und Zahngesundheit.<\/span><span style=\"font-weight: 400;\"><br \/>\n<\/span><b>Behandlungsdauer:<\/b><span style=\"font-weight: 400;\"> Variiert je nach Komplexit\u00e4t.<\/span><\/li>\n<\/ul>\n<h4><b>Warum Istanbul Health Agency?<\/b><\/h4>\n<ul>\n<li style=\"font-weight: 400;\" aria-level=\"1\"><b>Hauseigenes Labor:<\/b><span style=\"font-weight: 400;\"> Schnellere Fertigung und individuelle Anpassung von Zahnersatz.<\/span><\/li>\n<li style=\"font-weight: 400;\" aria-level=\"1\"><b>Erfahrenes Team:<\/b><span style=\"font-weight: 400;\"> \u00dcber 10 Jahre Erfahrung in der Zahnmedizin.<\/span><\/li>\n<li style=\"font-weight: 400;\" aria-level=\"1\"><b>Zentrale Lage:<\/b><span style=\"font-weight: 400;\"> In Mecidiyek\u00f6y, nahe Istanbuls ber\u00fchmten Sehensw\u00fcrdigkeiten.<\/span><\/li>\n<li style=\"font-weight: 400;\" aria-level=\"1\"><b>Kostenersparnis:<\/b><span style=\"font-weight: 400;\"> Bis zu 70 % g\u00fcnstiger als in Deutschland, ohne Abstriche bei der Qualit\u00e4t.<\/span><\/li>\n<\/ul>\n<p><span style=\"font-weight: 400;\">Mit der <\/span><b>Istanbul Health Agency<\/b><span style=\"font-weight: 400;\"> erhalten Sie .l+<\/span><\/p>\n<p><span style=\"font-weight: 400;\">+\u00fcma\u00dfgeschneiderte Behandlungen, die Ihren Bed\u00fcrfnissen entsprechen \u2013 auf h\u00f6chstem Niveau und zu fairen Preisen.<\/span><\/p>\n<p>[\/vc_column_text][\/vc_column][\/vc_row]<\/p>\n<\/div>","protected":false},"excerpt":{"rendered":"<p>[vc_row][vc_column][vc_single_image image=&#8220;371&#8243; img_size=&#8220;&#8220; alignment=&#8220;center&#8220; css=&#8220;&#8220; label=&#8220;&#8220;][\/vc_column][\/vc_row][vc_row][vc_column][vc_column_text css=&#8220;&#8220;] Detaillierte Informationen zu den Zahnbehandlungen bei Istanbul Health Agency 1. Hollywood Smile Die Hollywood Smile ist die perfekte Wahl f\u00fcr Patienten, die ein makelloses und strahlend wei\u00dfes L\u00e4cheln w\u00fcnschen. Merkmale: Verwendung von Veneers, Emax- oder Zirkonkronen, die individuell angepasst werden. Fokus auf \u00c4sthetik, einschlie\u00dflich Zahnform, Farbe und Symmetrie, [&hellip;]<\/p>\n","protected":false},"author":1,"featured_media":0,"parent":0,"menu_order":0,"comment_status":"closed","ping_status":"closed","template":"","meta":{"footnotes":""},"class_list":["post-430","page","type-page","status-publish","hentry"],"_links":{"self":[{"href":"https:\/\/istanbulhealthagency.de\/de\/wp-json\/wp\/v2\/pages\/430","targetHints":{"allow":["GET"]}}],"collection":[{"href":"https:\/\/istanbulhealthagency.de\/de\/wp-json\/wp\/v2\/pages"}],"about":[{"href":"https:\/\/istanbulhealthagency.de\/de\/wp-json\/wp\/v2\/types\/page"}],"author":[{"embeddable":true,"href":"https:\/\/istanbulhealthagency.de\/de\/wp-json\/wp\/v2\/users\/1"}],"replies":[{"embeddable":true,"href":"https:\/\/istanbulhealthagency.de\/de\/wp-json\/wp\/v2\/comments?post=430"}],"version-history":[{"count":1,"href":"https:\/\/istanbulhealthagency.de\/de\/wp-json\/wp\/v2\/pages\/430\/revisions"}],"predecessor-version":[{"id":431,"href":"https:\/\/istanbulhealthagency.de\/de\/wp-json\/wp\/v2\/pages\/430\/revisions\/431"}],"wp:attachment":[{"href":"https:\/\/istanbulhealthagency.de\/de\/wp-json\/wp\/v2\/media?parent=430"}],"curies":[{"name":"wp","href":"https:\/\/api.w.org\/{rel}","templated":true}]}}